{"id":3788,"date":"2022-11-21T12:41:12","date_gmt":"2022-11-21T11:41:12","guid":{"rendered":"http:\/\/sevrevendeehandball.fr\/?page_id=3788"},"modified":"2023-08-04T00:20:44","modified_gmt":"2023-08-03T22:20:44","slug":"contactez-nous","status":"publish","type":"page","link":"https:\/\/sevrevendeehandball.fr\/?page_id=3788","title":{"rendered":"Contactez nous"},"content":{"rendered":"\t\t<div data-elementor-type=\"wp-post\" data-elementor-id=\"3788\" class=\"elementor elementor-3788\">\n\t\t\t\t\t\t\t\t\t<section class=\"elementor-section elementor-top-section elementor-element elementor-element-2e098daa elementor-section-boxed elementor-section-height-default elementor-section-height-default\" data-id=\"2e098daa\" data-element_type=\"section\">\n\t\t\t\t\t\t<div class=\"elementor-container elementor-column-gap-extended\">\n\t\t\t\t\t<div class=\"elementor-column elementor-col-100 elementor-top-column elementor-element elementor-element-5160056 sc_inner_width_none sc_layouts_column_icons_position_left\" data-id=\"5160056\" data-element_type=\"column\">\n\t\t\t<div class=\"elementor-widget-wrap elementor-element-populated\">\n\t\t\t\t\t\t\t\t<div class=\"elementor-element elementor-element-7dad6eec sc_height_small sc_fly_static elementor-widget elementor-widget-spacer\" data-id=\"7dad6eec\" data-element_type=\"widget\" data-widget_type=\"spacer.default\">\n\t\t\t\t<div class=\"elementor-widget-container\">\n\t\t\t\t\t<div class=\"elementor-spacer\">\n\t\t\t<div class=\"elementor-spacer-inner\"><\/div>\n\t\t<\/div>\n\t\t\t\t<\/div>\n\t\t\t\t<\/div>\n\t\t\t\t\t<\/div>\n\t\t<\/div>\n\t\t\t\t\t\t\t<\/div>\n\t\t<\/section>\n\t\t\t\t<section class=\"elementor-section elementor-top-section elementor-element elementor-element-60d6ce92 elementor-section-boxed elementor-section-height-default elementor-section-height-default\" data-id=\"60d6ce92\" data-element_type=\"section\">\n\t\t\t\t\t\t<div class=\"elementor-container elementor-column-gap-extended\">\n\t\t\t\t\t<div class=\"elementor-column elementor-col-66 elementor-top-column elementor-element elementor-element-31dc5e8a sc_inner_width_none sc_layouts_column_icons_position_left elementor-invisible\" data-id=\"31dc5e8a\" data-element_type=\"column\" data-settings=\"{&quot;animation&quot;:&quot;fadeInLeft&quot;}\">\n\t\t\t<div class=\"elementor-widget-wrap elementor-element-populated\">\n\t\t\t\t\t\t\t\t<div class=\"elementor-element elementor-element-a631a9c sc_fly_static elementor-widget elementor-widget-trx_sc_title\" data-id=\"a631a9c\" data-element_type=\"widget\" data-widget_type=\"trx_sc_title.default\">\n\t\t\t\t<div class=\"elementor-widget-container\">\n\t\t\t<div id=\"trx_sc_title_1052441685\"\r\n\t\tclass=\"sc_title sc_title_default\"><span class=\"sc_item_subtitle sc_title_subtitle sc_item_subtitle_above sc_item_title_style_default\">Pour toutes questions ?<\/span><h1 class=\"sc_item_title sc_title_title sc_item_title_style_default sc_item_title_tag\"><span class=\"sc_item_title_text\">Envoyez nous un message<\/span><\/h1><\/div><!-- \/.sc_title -->\t\t<\/div>\n\t\t\t\t<\/div>\n\t\t\t\t<section class=\"elementor-section elementor-inner-section elementor-element elementor-element-6c6933a6 elementor-section-boxed elementor-section-height-default elementor-section-height-default\" data-id=\"6c6933a6\" data-element_type=\"section\">\n\t\t\t\t\t\t<div class=\"elementor-container elementor-column-gap-no\">\n\t\t\t\t\t<div class=\"elementor-column elementor-col-100 elementor-inner-column elementor-element elementor-element-ae104a5 sc_inner_width_none sc_layouts_column_icons_position_left\" data-id=\"ae104a5\" data-element_type=\"column\">\n\t\t\t<div class=\"elementor-widget-wrap elementor-element-populated\">\n\t\t\t\t\t\t\t\t<div class=\"elementor-element elementor-element-e6feb6c sc_fly_static elementor-widget elementor-widget-spacer\" data-id=\"e6feb6c\" data-element_type=\"widget\" data-widget_type=\"spacer.default\">\n\t\t\t\t<div class=\"elementor-widget-container\">\n\t\t\t\t\t<div class=\"elementor-spacer\">\n\t\t\t<div class=\"elementor-spacer-inner\"><\/div>\n\t\t<\/div>\n\t\t\t\t<\/div>\n\t\t\t\t<\/div>\n\t\t\t\t<div class=\"elementor-element elementor-element-1bfd5053 sc_fly_static elementor-widget elementor-widget-shortcode\" data-id=\"1bfd5053\" data-element_type=\"widget\" data-widget_type=\"shortcode.default\">\n\t\t\t\t<div class=\"elementor-widget-container\">\n\t\t\t\t\t<div class=\"elementor-shortcode\">\n<div class=\"wpcf7 no-js\" id=\"wpcf7-f92-o1\" lang=\"en-US\" dir=\"ltr\">\n<div class=\"screen-reader-response\"><p role=\"status\" aria-live=\"polite\" aria-atomic=\"true\"><\/p> <ul><\/ul><\/div>\n<form action=\"\/index.php?rest_route=%2Fwp%2Fv2%2Fpages%2F3788#wpcf7-f92-o1\" method=\"post\" class=\"wpcf7-form init\" aria-label=\"Contact form\" novalidate=\"novalidate\" data-status=\"init\">\n<div style=\"display: none;\">\n<input type=\"hidden\" name=\"_wpcf7\" value=\"92\" \/>\n<input type=\"hidden\" name=\"_wpcf7_version\" value=\"5.9.8\" \/>\n<input type=\"hidden\" name=\"_wpcf7_locale\" value=\"en_US\" \/>\n<input type=\"hidden\" name=\"_wpcf7_unit_tag\" value=\"wpcf7-f92-o1\" \/>\n<input type=\"hidden\" name=\"_wpcf7_container_post\" value=\"0\" \/>\n<input type=\"hidden\" name=\"_wpcf7_posted_data_hash\" value=\"\" \/>\n<\/div>\n<div class=\"columns_wrap\">\n\t<div class=\"column-1_2\">\n\t\t<p>Nom et pr\u00e9nom<span class=\"wpcf7-form-control-wrap\" data-name=\"your-name\"><input size=\"40\" maxlength=\"400\" class=\"wpcf7-form-control wpcf7-text wpcf7-validates-as-required\" aria-required=\"true\" aria-invalid=\"false\" placeholder=\"nom\" value=\"\" type=\"text\" name=\"your-name\" \/><\/span>\n\t\t<\/p>\n\t<\/div>\n\t<div class=\"column-1_2\">\n\t\t<p>Email<span class=\"wpcf7-form-control-wrap\" data-name=\"your-email\"><input size=\"40\" maxlength=\"400\" class=\"wpcf7-form-control wpcf7-email wpcf7-validates-as-required wpcf7-text wpcf7-validates-as-email\" aria-required=\"true\" aria-invalid=\"false\" placeholder=\"email\" value=\"\" type=\"email\" name=\"your-email\" \/><\/span>\n\t\t<\/p>\n\t<\/div>\n<\/div>\n<div class=\"columns_wrap\">\n\t<div class=\"column-1_2\">\n\t\t<p>Num\u00e9ro t\u00e9l\u00e9phone<span class=\"wpcf7-form-control-wrap\" data-name=\"tlphone\"><input size=\"40\" maxlength=\"400\" class=\"wpcf7-form-control wpcf7-tel wpcf7-validates-as-required wpcf7-text wpcf7-validates-as-tel\" aria-required=\"true\" aria-invalid=\"false\" placeholder=\"\" value=\"\" type=\"tel\" name=\"tlphone\" \/><\/span>\n\t\t<\/p>\n\t<\/div>\n\t<div class=\"column-1_2\">\n\t\t<p>Cat\u00e9gories<span class=\"wpcf7-form-control-wrap\" data-name=\"equipe\"><select class=\"wpcf7-form-control wpcf7-select wpcf7-validates-as-required\" aria-required=\"true\" aria-invalid=\"false\" multiple=\"multiple\" name=\"equipe[]\"><option value=\"\">&#8212;Please choose an option&#8212;<\/option><option value=\"U8 mixte\">U8 mixte<\/option><option value=\"U10 mixte\">U10 mixte<\/option><option value=\"U12 masculin\">U12 masculin<\/option><option value=\"U13 f\u00e9minin\">U13 f\u00e9minin<\/option><option value=\"U14 masculin\">U14 masculin<\/option><option value=\"U16 masculin\">U16 masculin<\/option><option value=\"U17 f\u00e9minin\">U17 f\u00e9minin<\/option><option value=\"U19 masculin\">U19 masculin<\/option><option value=\"U21 f\u00e9minin\">U21 f\u00e9minin<\/option><option value=\"Seniors masculin\">Seniors masculin<\/option><option value=\"Loisirs\">Loisirs<\/option><\/select><\/span>\n\t\t<\/p>\n\t<\/div>\n<\/div>\n<div class=\"columns_wrap\">\n\t<div class=\"column-1_1\">\n\t\t<p><span class=\"wpcf7-form-control-wrap\" data-name=\"your-message\"><textarea cols=\"40\" rows=\"10\" maxlength=\"2000\" class=\"wpcf7-form-control wpcf7-textarea\" aria-invalid=\"false\" placeholder=\"message\" name=\"your-message\"><\/textarea><\/span>\n\t\t<\/p>\n\t<\/div>\n<\/div>\n<div class=\"align-center\">\n\t<p><span class=\"wpcf7-form-control-wrap\" data-name=\"acceptance-636\"><span class=\"wpcf7-form-control wpcf7-acceptance\"><span class=\"wpcf7-list-item\"><label><input type=\"checkbox\" name=\"acceptance-636\" value=\"1\" aria-invalid=\"false\" \/><span class=\"wpcf7-list-item-label\">J'accepte que mes donn\u00e9es soumises soient <a href=\"\/privacy-policy\/\">collect\u00e9es et stock\u00e9es<\/a>.<\/span><\/label><\/span><\/span><\/span><br \/>\n<input class=\"wpcf7-form-control wpcf7-submit has-spinner\" type=\"submit\" value=\"Envoyez votre Message\" \/>\n\t<\/p>\n<\/div><div class=\"wpcf7-response-output\" aria-hidden=\"true\"><\/div>\n<\/form>\n<\/div>\n<\/div>\n\t\t\t\t<\/div>\n\t\t\t\t<\/div>\n\t\t\t\t\t<\/div>\n\t\t<\/div>\n\t\t\t\t\t\t\t<\/div>\n\t\t<\/section>\n\t\t\t\t\t<\/div>\n\t\t<\/div>\n\t\t\t\t<div class=\"elementor-column elementor-col-33 elementor-top-column elementor-element elementor-element-28b933d8 sc_inner_width_none sc_layouts_column_icons_position_left elementor-invisible\" data-id=\"28b933d8\" data-element_type=\"column\" data-settings=\"{&quot;animation&quot;:&quot;fadeInRight&quot;}\">\n\t\t\t<div class=\"elementor-widget-wrap elementor-element-populated\">\n\t\t\t\t\t\t\t\t<div class=\"elementor-element elementor-element-536e247c sc_fly_static elementor-widget elementor-widget-spacer\" data-id=\"536e247c\" data-element_type=\"widget\" data-widget_type=\"spacer.default\">\n\t\t\t\t<div class=\"elementor-widget-container\">\n\t\t\t\t\t<div class=\"elementor-spacer\">\n\t\t\t<div class=\"elementor-spacer-inner\"><\/div>\n\t\t<\/div>\n\t\t\t\t<\/div>\n\t\t\t\t<\/div>\n\t\t\t\t<div class=\"elementor-element elementor-element-462b0bc3 sc_fly_static elementor-widget elementor-widget-spacer\" data-id=\"462b0bc3\" data-element_type=\"widget\" data-widget_type=\"spacer.default\">\n\t\t\t\t<div class=\"elementor-widget-container\">\n\t\t\t\t\t<div class=\"elementor-spacer\">\n\t\t\t<div class=\"elementor-spacer-inner\"><\/div>\n\t\t<\/div>\n\t\t\t\t<\/div>\n\t\t\t\t<\/div>\n\t\t\t\t<div class=\"elementor-element elementor-element-7ceb5bed sc_fly_static elementor-widget elementor-widget-trx_sc_title\" data-id=\"7ceb5bed\" data-element_type=\"widget\" data-widget_type=\"trx_sc_title.default\">\n\t\t\t\t<div class=\"elementor-widget-container\">\n\t\t\t<div id=\"trx_sc_title_988024867\"\r\n\t\tclass=\"sc_title sc_title_default\"><h4 class=\"sc_item_title sc_title_title sc_align_center sc_item_title_style_default sc_item_title_tag\"><span class=\"sc_item_title_text\">contact info<\/span><\/h4><\/div><!-- \/.sc_title -->\t\t<\/div>\n\t\t\t\t<\/div>\n\t\t\t\t<div class=\"elementor-element elementor-element-24338374 sc_fly_static elementor-widget elementor-widget-trx_sc_icons\" data-id=\"24338374\" data-element_type=\"widget\" data-widget_type=\"trx_sc_icons.default\">\n\t\t\t\t<div class=\"elementor-widget-container\">\n\t\t\t<div id=\"trx_sc_icons_1486862350\" \r\n\tclass=\"sc_icons sc_icons_modern sc_icons_size_small sc_align_left\"><div class=\"sc_icons_item\"><div class=\"sc_icons_icon sc_icon_type_ icon-home\"><span class=\"sc_icon_type_ icon-home\"><\/span><\/div><div class=\"sc_icons_item_details\"><div class=\"sc_icons_item_description\"><span>4bis impasse du clair logis,<\/span><span>85290 Mortagne sur S\u00e8vre<\/span><\/div><\/div><\/div><div class=\"sc_icons_item\"><div class=\"sc_icons_icon sc_icon_type_ icon-telephone-handle-silhouette\"><span class=\"sc_icon_type_ icon-telephone-handle-silhouette\"><\/span><\/div><div class=\"sc_icons_item_details\"><div class=\"sc_icons_item_description\"><span><a href=\"tel:0699022782\">06 99 02 27 82<\/a><\/span><\/div><\/div><\/div><div class=\"sc_icons_item\"><div class=\"sc_icons_icon sc_icon_type_ icon-envelope\"><span class=\"sc_icon_type_ icon-envelope\"><\/span><\/div><div class=\"sc_icons_item_details\"><div class=\"sc_icons_item_description\"><span><a href=\"mailto:svhbcommunication@gmail.com\">svhbcommunication@gmail.com<\/a><\/span><\/div><\/div><\/div><\/div><!-- \/.sc_icons -->\t\t<\/div>\n\t\t\t\t<\/div>\n\t\t\t\t<div class=\"elementor-element elementor-element-7be0bcee sc_height_medium sc_fly_static elementor-widget elementor-widget-spacer\" data-id=\"7be0bcee\" data-element_type=\"widget\" data-widget_type=\"spacer.default\">\n\t\t\t\t<div class=\"elementor-widget-container\">\n\t\t\t\t\t<div class=\"elementor-spacer\">\n\t\t\t<div class=\"elementor-spacer-inner\"><\/div>\n\t\t<\/div>\n\t\t\t\t<\/div>\n\t\t\t\t<\/div>\n\t\t\t\t<div class=\"elementor-element elementor-element-1cd148f1 sc_fly_static elementor-widget elementor-widget-trx_sc_title\" data-id=\"1cd148f1\" data-element_type=\"widget\" data-widget_type=\"trx_sc_title.default\">\n\t\t\t\t<div class=\"elementor-widget-container\">\n\t\t\t<div id=\"trx_sc_title_1114651032\"\r\n\t\tclass=\"sc_title sc_title_default\"><h2 class=\"sc_item_title sc_title_title sc_item_title_style_default sc_item_title_tag\"><span class=\"sc_item_title_text\">R\u00e9seaux sociaux<\/span><\/h2><\/div><!-- \/.sc_title -->\t\t<\/div>\n\t\t\t\t<\/div>\n\t\t\t\t<div class=\"elementor-element elementor-element-36142a03 sc_fly_static elementor-widget elementor-widget-spacer\" data-id=\"36142a03\" data-element_type=\"widget\" data-widget_type=\"spacer.default\">\n\t\t\t\t<div class=\"elementor-widget-container\">\n\t\t\t\t\t<div class=\"elementor-spacer\">\n\t\t\t<div class=\"elementor-spacer-inner\"><\/div>\n\t\t<\/div>\n\t\t\t\t<\/div>\n\t\t\t\t<\/div>\n\t\t\t\t<div class=\"elementor-element elementor-element-77ab88e sc_fly_static elementor-widget elementor-widget-trx_sc_socials\" data-id=\"77ab88e\" data-element_type=\"widget\" data-widget_type=\"trx_sc_socials.default\">\n\t\t\t\t<div class=\"elementor-widget-container\">\n\t\t\t<div  id=\"trx_sc_socials_1869450897\" \r\n\t\tclass=\"sc_socials sc_socials_default sc_align_none\"><div class=\"socials_wrap\"><a target=\"_blank\" href=\"https:\/\/www.facebook.com\/SVHB85\" class=\"social_item social_item_style_icons sc_icon_type_icons social_item_type_icons\"><span class=\"social_icon social_icon_facebook\"><span class=\"icon-facebook\"><\/span><\/span><\/a><a target=\"_blank\" href=\"https:\/\/www.instagram.com\/svhb85_officiel\/?hl=fr\" class=\"social_item social_item_style_icons sc_icon_type_icons social_item_type_icons\"><span class=\"social_icon social_icon_instagramm\"><span class=\"icon-instagramm\"><\/span><\/span><\/a><\/div><!-- \/.socials_wrap --><\/div><!-- \/.sc_socials -->\t\t<\/div>\n\t\t\t\t<\/div>\n\t\t\t\t\t<\/div>\n\t\t<\/div>\n\t\t\t\t\t\t\t<\/div>\n\t\t<\/section>\n\t\t\t\t<section class=\"elementor-section elementor-top-section elementor-element elementor-element-d8455bf elementor-section-boxed elementor-section-height-default elementor-section-height-default\" data-id=\"d8455bf\" data-element_type=\"section\">\n\t\t\t\t\t\t<div class=\"elementor-container elementor-column-gap-extended\">\n\t\t\t\t\t<div class=\"elementor-column elementor-col-100 elementor-top-column elementor-element elementor-element-1bb14c9 sc_inner_width_none sc_layouts_column_icons_position_left\" data-id=\"1bb14c9\" data-element_type=\"column\">\n\t\t\t<div class=\"elementor-widget-wrap elementor-element-populated\">\n\t\t\t\t\t\t\t\t<div class=\"elementor-element elementor-element-4d54111 sc_height_large sc_fly_static elementor-widget elementor-widget-spacer\" data-id=\"4d54111\" data-element_type=\"widget\" data-widget_type=\"spacer.default\">\n\t\t\t\t<div class=\"elementor-widget-container\">\n\t\t\t\t\t<div class=\"elementor-spacer\">\n\t\t\t<div class=\"elementor-spacer-inner\"><\/div>\n\t\t<\/div>\n\t\t\t\t<\/div>\n\t\t\t\t<\/div>\n\t\t\t\t\t<\/div>\n\t\t<\/div>\n\t\t\t\t\t\t\t<\/div>\n\t\t<\/section>\n\t\t\t\t<section class=\"elementor-section elementor-top-section elementor-element elementor-element-2739fdb1 elementor-section-stretched elementor-section-full_width elementor-section-height-default elementor-section-height-default elementor-invisible\" data-id=\"2739fdb1\" data-element_type=\"section\" data-settings=\"{&quot;stretch_section&quot;:&quot;section-stretched&quot;,&quot;animation&quot;:&quot;fadeIn&quot;,&quot;animation_delay&quot;:100}\">\n\t\t\t\t\t\t<div class=\"elementor-container elementor-column-gap-no\">\n\t\t\t\t\t<div class=\"elementor-column elementor-col-100 elementor-top-column elementor-element elementor-element-5b173648 sc_inner_width_none sc_layouts_column_icons_position_left\" data-id=\"5b173648\" data-element_type=\"column\">\n\t\t\t<div class=\"elementor-widget-wrap elementor-element-populated\">\n\t\t\t\t\t\t\t\t<div class=\"elementor-element elementor-element-c0f552b no-border-radius sc_fly_static elementor-widget elementor-widget-trx_sc_googlemap\" data-id=\"c0f552b\" data-element_type=\"widget\" data-widget_type=\"trx_sc_googlemap.default\">\n\t\t\t\t<div class=\"elementor-widget-container\">\n\t\t\t<div id=\"trx_sc_googlemap_575015314_wrap\" class=\"sc_googlemap_wrap\"><div id=\"trx_sc_googlemap_575015314\"\r\n\t\t\tclass=\"sc_googlemap sc_googlemap_default trx_addons_inline_1973728626\"\r\n\t\t\t\t\t\tdata-zoom=\"12\"\r\n\t\t\tdata-center=\"\"\r\n\t\t\tdata-style=\"default\"\r\n\t\t\tdata-cluster-icon=\"\"\r\n\t\t\t><iframe\r\n\t\t\t\t\t\tsrc=\"https:\/\/maps.google.com\/maps?t=m&output=embed&iwloc=near&z=12&q=4bis+impasse+du+clair+logis+++85290+Mortagne+sur+S%C3%A8vre\"\r\n\t\t\t\t\t\taria-label=\"\"><\/iframe><\/div><\/div><!-- \/.sc_googlemap_wrap -->\t\t<\/div>\n\t\t\t\t<\/div>\n\t\t\t\t\t<\/div>\n\t\t<\/div>\n\t\t\t\t\t\t\t<\/div>\n\t\t<\/section>\n\t\t\t\t<section class=\"elementor-section elementor-top-section elementor-element elementor-element-7bd467fa elementor-section-boxed elementor-section-height-default elementor-section-height-default\" data-id=\"7bd467fa\" data-element_type=\"section\">\n\t\t\t\t\t\t<div class=\"elementor-container elementor-column-gap-extended\">\n\t\t\t\t\t<div class=\"elementor-column elementor-col-100 elementor-top-column elementor-element elementor-element-255606cb sc_inner_width_none sc_layouts_column_icons_position_left\" data-id=\"255606cb\" data-element_type=\"column\">\n\t\t\t<div class=\"elementor-widget-wrap elementor-element-populated\">\n\t\t\t\t\t\t\t\t<div class=\"elementor-element elementor-element-4c94524f sc_height_large sc_fly_static elementor-widget elementor-widget-spacer\" data-id=\"4c94524f\" data-element_type=\"widget\" data-widget_type=\"spacer.default\">\n\t\t\t\t<div class=\"elementor-widget-container\">\n\t\t\t\t\t<div class=\"elementor-spacer\">\n\t\t\t<div class=\"elementor-spacer-inner\"><\/div>\n\t\t<\/div>\n\t\t\t\t<\/div>\n\t\t\t\t<\/div>\n\t\t\t\t\t<\/div>\n\t\t<\/div>\n\t\t\t\t\t\t\t<\/div>\n\t\t<\/section>\n\t\t\t\t\t\t\t<\/div>\n\t\t","protected":false},"excerpt":{"rendered":"<p>Pour toutes questions ? Envoyez nous un message contact info 4bis impasse du clair logis,85290 Mortagne sur S\u00e8vre06 99 02 27 82svhbcommunication@gmail.com R\u00e9seaux sociaux<\/p>\n","protected":false},"author":1,"featured_media":0,"parent":0,"menu_order":0,"comment_status":"closed","ping_status":"closed","template":"","meta":{"footnotes":""},"class_list":["post-3788","page","type-page","status-publish","hentry"],"yoast_head":"<!-- This site is optimized with the Yoast SEO plugin v23.3 - https:\/\/yoast.com\/wordpress\/plugins\/seo\/ -->\n<title>Contactez nous - SEVRE VENDEE HANDBALL<\/title>\n<meta name=\"robots\" content=\"index, follow, max-snippet:-1, max-image-preview:large, max-video-preview:-1\" \/>\n<link rel=\"canonical\" href=\"https:\/\/sevrevendeehandball.fr\/?page_id=3788\" \/>\n<meta property=\"og:locale\" content=\"fr_FR\" \/>\n<meta property=\"og:type\" content=\"article\" \/>\n<meta property=\"og:title\" content=\"Contactez nous - SEVRE VENDEE HANDBALL\" \/>\n<meta property=\"og:description\" content=\"Pour toutes questions ? Envoyez nous un message contact info 4bis impasse du clair logis,85290 Mortagne sur S\u00e8vre06 99 02 27 82svhbcommunication@gmail.com R\u00e9seaux sociaux\" \/>\n<meta property=\"og:url\" content=\"https:\/\/sevrevendeehandball.fr\/?page_id=3788\" \/>\n<meta property=\"og:site_name\" content=\"SEVRE VENDEE HANDBALL\" \/>\n<meta property=\"article:modified_time\" content=\"2023-08-03T22:20:44+00:00\" \/>\n<meta name=\"twitter:card\" content=\"summary_large_image\" \/>\n<script type=\"application\/ld+json\" class=\"yoast-schema-graph\">{\"@context\":\"https:\/\/schema.org\",\"@graph\":[{\"@type\":\"WebPage\",\"@id\":\"https:\/\/sevrevendeehandball.fr\/?page_id=3788\",\"url\":\"https:\/\/sevrevendeehandball.fr\/?page_id=3788\",\"name\":\"Contactez nous - SEVRE VENDEE HANDBALL\",\"isPartOf\":{\"@id\":\"https:\/\/sevrevendeehandball.fr\/#website\"},\"datePublished\":\"2022-11-21T11:41:12+00:00\",\"dateModified\":\"2023-08-03T22:20:44+00:00\",\"breadcrumb\":{\"@id\":\"https:\/\/sevrevendeehandball.fr\/?page_id=3788#breadcrumb\"},\"inLanguage\":\"fr-FR\",\"potentialAction\":[{\"@type\":\"ReadAction\",\"target\":[\"https:\/\/sevrevendeehandball.fr\/?page_id=3788\"]}]},{\"@type\":\"BreadcrumbList\",\"@id\":\"https:\/\/sevrevendeehandball.fr\/?page_id=3788#breadcrumb\",\"itemListElement\":[{\"@type\":\"ListItem\",\"position\":1,\"name\":\"Accueil\",\"item\":\"https:\/\/sevrevendeehandball.fr\/\"},{\"@type\":\"ListItem\",\"position\":2,\"name\":\"Contactez nous\"}]},{\"@type\":\"WebSite\",\"@id\":\"https:\/\/sevrevendeehandball.fr\/#website\",\"url\":\"https:\/\/sevrevendeehandball.fr\/\",\"name\":\"SEVRE VENDEE HANDBALL\",\"description\":\"Le handball par passion\",\"publisher\":{\"@id\":\"https:\/\/sevrevendeehandball.fr\/#organization\"},\"potentialAction\":[{\"@type\":\"SearchAction\",\"target\":{\"@type\":\"EntryPoint\",\"urlTemplate\":\"https:\/\/sevrevendeehandball.fr\/?s={search_term_string}\"},\"query-input\":\"required name=search_term_string\"}],\"inLanguage\":\"fr-FR\"},{\"@type\":\"Organization\",\"@id\":\"https:\/\/sevrevendeehandball.fr\/#organization\",\"name\":\"SEVRE VENDEE HANDBALL\",\"url\":\"https:\/\/sevrevendeehandball.fr\/\",\"logo\":{\"@type\":\"ImageObject\",\"inLanguage\":\"fr-FR\",\"@id\":\"https:\/\/sevrevendeehandball.fr\/#\/schema\/logo\/image\/\",\"url\":\"https:\/\/sevrevendeehandball.fr\/wp-content\/uploads\/2022\/11\/cropped-cropped-Logo-SVHB.png\",\"contentUrl\":\"https:\/\/sevrevendeehandball.fr\/wp-content\/uploads\/2022\/11\/cropped-cropped-Logo-SVHB.png\",\"width\":512,\"height\":512,\"caption\":\"SEVRE VENDEE HANDBALL\"},\"image\":{\"@id\":\"https:\/\/sevrevendeehandball.fr\/#\/schema\/logo\/image\/\"}}]}<\/script>\n<!-- \/ Yoast SEO plugin. -->","yoast_head_json":{"title":"Contactez nous - SEVRE VENDEE HANDBALL","robots":{"index":"index","follow":"follow","max-snippet":"max-snippet:-1","max-image-preview":"max-image-preview:large","max-video-preview":"max-video-preview:-1"},"canonical":"https:\/\/sevrevendeehandball.fr\/?page_id=3788","og_locale":"fr_FR","og_type":"article","og_title":"Contactez nous - SEVRE VENDEE HANDBALL","og_description":"Pour toutes questions ? Envoyez nous un message contact info 4bis impasse du clair logis,85290 Mortagne sur S\u00e8vre06 99 02 27 82svhbcommunication@gmail.com R\u00e9seaux sociaux","og_url":"https:\/\/sevrevendeehandball.fr\/?page_id=3788","og_site_name":"SEVRE VENDEE HANDBALL","article_modified_time":"2023-08-03T22:20:44+00:00","twitter_card":"summary_large_image","schema":{"@context":"https:\/\/schema.org","@graph":[{"@type":"WebPage","@id":"https:\/\/sevrevendeehandball.fr\/?page_id=3788","url":"https:\/\/sevrevendeehandball.fr\/?page_id=3788","name":"Contactez nous - SEVRE VENDEE HANDBALL","isPartOf":{"@id":"https:\/\/sevrevendeehandball.fr\/#website"},"datePublished":"2022-11-21T11:41:12+00:00","dateModified":"2023-08-03T22:20:44+00:00","breadcrumb":{"@id":"https:\/\/sevrevendeehandball.fr\/?page_id=3788#breadcrumb"},"inLanguage":"fr-FR","potentialAction":[{"@type":"ReadAction","target":["https:\/\/sevrevendeehandball.fr\/?page_id=3788"]}]},{"@type":"BreadcrumbList","@id":"https:\/\/sevrevendeehandball.fr\/?page_id=3788#breadcrumb","itemListElement":[{"@type":"ListItem","position":1,"name":"Accueil","item":"https:\/\/sevrevendeehandball.fr\/"},{"@type":"ListItem","position":2,"name":"Contactez nous"}]},{"@type":"WebSite","@id":"https:\/\/sevrevendeehandball.fr\/#website","url":"https:\/\/sevrevendeehandball.fr\/","name":"SEVRE VENDEE HANDBALL","description":"Le handball par passion","publisher":{"@id":"https:\/\/sevrevendeehandball.fr\/#organization"},"potentialAction":[{"@type":"SearchAction","target":{"@type":"EntryPoint","urlTemplate":"https:\/\/sevrevendeehandball.fr\/?s={search_term_string}"},"query-input":"required name=search_term_string"}],"inLanguage":"fr-FR"},{"@type":"Organization","@id":"https:\/\/sevrevendeehandball.fr\/#organization","name":"SEVRE VENDEE HANDBALL","url":"https:\/\/sevrevendeehandball.fr\/","logo":{"@type":"ImageObject","inLanguage":"fr-FR","@id":"https:\/\/sevrevendeehandball.fr\/#\/schema\/logo\/image\/","url":"https:\/\/sevrevendeehandball.fr\/wp-content\/uploads\/2022\/11\/cropped-cropped-Logo-SVHB.png","contentUrl":"https:\/\/sevrevendeehandball.fr\/wp-content\/uploads\/2022\/11\/cropped-cropped-Logo-SVHB.png","width":512,"height":512,"caption":"SEVRE VENDEE HANDBALL"},"image":{"@id":"https:\/\/sevrevendeehandball.fr\/#\/schema\/logo\/image\/"}}]}},"_links":{"self":[{"href":"https:\/\/sevrevendeehandball.fr\/index.php?rest_route=\/wp\/v2\/pages\/3788","targetHints":{"allow":["GET"]}}],"collection":[{"href":"https:\/\/sevrevendeehandball.fr\/index.php?rest_route=\/wp\/v2\/pages"}],"about":[{"href":"https:\/\/sevrevendeehandball.fr\/index.php?rest_route=\/wp\/v2\/types\/page"}],"author":[{"embeddable":true,"href":"https:\/\/sevrevendeehandball.fr\/index.php?rest_route=\/wp\/v2\/users\/1"}],"replies":[{"embeddable":true,"href":"https:\/\/sevrevendeehandball.fr\/index.php?rest_route=%2Fwp%2Fv2%2Fcomments&post=3788"}],"version-history":[{"count":11,"href":"https:\/\/sevrevendeehandball.fr\/index.php?rest_route=\/wp\/v2\/pages\/3788\/revisions"}],"predecessor-version":[{"id":5217,"href":"https:\/\/sevrevendeehandball.fr\/index.php?rest_route=\/wp\/v2\/pages\/3788\/revisions\/5217"}],"wp:attachment":[{"href":"https:\/\/sevrevendeehandball.fr\/index.php?rest_route=%2Fwp%2Fv2%2Fmedia&parent=3788"}],"curies":[{"name":"wp","href":"https:\/\/api.w.org\/{rel}","templated":true}]}}